{"id":35,"date":"2018-12-22T13:41:14","date_gmt":"2018-12-22T12:41:14","guid":{"rendered":"http:\/\/ask-neuenstein.de\/?page_id=35"},"modified":"2024-01-23T00:20:20","modified_gmt":"2024-01-22T23:20:20","slug":"startseite","status":"publish","type":"page","link":"https:\/\/ask-neuenstein.de\/","title":{"rendered":"Unser Service f\u00fcr Sie:"},"content":{"rendered":"\n<h4>\u25cf Aufbereitung \u25cf Autoteile Neu\/Gebraucht \u25cf Diagnose \u25cf Car Hifi <\/h4>\n\n\n\n<h4> \u25cf Service \u25cf Reifen\/Felgen \u25cf Automatikgetriebesp\u00fclung <\/h4>\n\n\n\n<h2> <strong>Wir \u00fcber uns<\/strong> <\/h2>\n\n\n\n<blockquote class=\"wp-block-quote\"><p>Wir bieten gute und kosteng\u00fcnstige Alternativen f\u00fcr Ihr Fahrzeug.<br>Wenn Andere nicht mehr weiter wissen fragen Sie uns.<br><br><strong>&#8211; kostenlos und unverbindlich.<\/strong> <br><br>Wir bieten Diagnosen f\u00fcr alle Automarken an, speziell f\u00fcr VW, Audi, Skoda und Seat. <br><\/p><\/blockquote>\n\n\n\n<p><a aria-label=\" (\u00f6ffnet in neuem Tab)\" href=\"https:\/\/www.facebook.com\/AutoServiceKaeppler\/\" target=\"_blank\" rel=\"noreferrer noopener\">A.S.K. auf Facebook!<\/a><\/p>\n\n\n\n<h2><strong>Sie suchen Autoteile?<\/strong><\/h2>\n\n\n\n<p>Egal ob neu oder gebraucht. <br>Schreiben Sie eine E-Mail oder rufen Sie uns an.<br>Wir geben Ihnen schnellstm\u00f6glich Bescheid, <br>wenn wir das passende Autoteil ausfindig machen konnten.<br>Wir bieten einen&nbsp; Vorort-Service an. <br>E-Mail: <a href=\"autoteile@ask-neuenstein.de\">autoteile@ask-neuenstein.de<\/a><br><br><\/p>\n\n\n\n<p><br><br><\/p>\n\n\n\n<figure class=\"wp-block-gallery alignright columns-1 is-cropped\"><ul class=\"blocks-gallery-grid\"><li class=\"blocks-gallery-item\"><figure><img loading=\"lazy\" width=\"1465\" height=\"709\" src=\"https:\/\/ask-neuenstein.de\/wp-content\/uploads\/2024\/01\/logo-zf-services-protech-neu-4c-zf-pt-1.jpg\" alt=\"\" data-id=\"291\" data-full-url=\"https:\/\/ask-neuenstein.de\/wp-content\/uploads\/2024\/01\/logo-zf-services-protech-neu-4c-zf-pt-1.jpg\" data-link=\"https:\/\/ask-neuenstein.de\/?attachment_id=291\" class=\"wp-image-291\" srcset=\"https:\/\/ask-neuenstein.de\/wp-content\/uploads\/2024\/01\/logo-zf-services-protech-neu-4c-zf-pt-1.jpg 1465w, https:\/\/ask-neuenstein.de\/wp-content\/uploads\/2024\/01\/logo-zf-services-protech-neu-4c-zf-pt-1-300x145.jpg 300w, https:\/\/ask-neuenstein.de\/wp-content\/uploads\/2024\/01\/logo-zf-services-protech-neu-4c-zf-pt-1-1024x496.jpg 1024w, https:\/\/ask-neuenstein.de\/wp-content\/uploads\/2024\/01\/logo-zf-services-protech-neu-4c-zf-pt-1-768x372.jpg 768w\" sizes=\"(max-width: 1465px) 100vw, 1465px\" \/><\/figure><\/li><\/ul><\/figure>\n\n\n\n<p><br><\/p>\n\n\n\n<figure class=\"wp-block-image is-resized\"><img loading=\"lazy\" src=\"http:\/\/ask-neuenstein.de\/wp-content\/uploads\/2021\/11\/E8FA1159-5E33-4EA9-A72C-4090C8885CA7.jpeg\" alt=\"\" class=\"wp-image-272\" width=\"1154\" height=\"180\" srcset=\"https:\/\/ask-neuenstein.de\/wp-content\/uploads\/2021\/11\/E8FA1159-5E33-4EA9-A72C-4090C8885CA7.jpeg 960w, https:\/\/ask-neuenstein.de\/wp-content\/uploads\/2021\/11\/E8FA1159-5E33-4EA9-A72C-4090C8885CA7-300x47.jpeg 300w, https:\/\/ask-neuenstein.de\/wp-content\/uploads\/2021\/11\/E8FA1159-5E33-4EA9-A72C-4090C8885CA7-768x120.jpeg 768w\" sizes=\"(max-width: 1154px) 100vw, 1154px\" \/><\/figure>\n","protected":false},"excerpt":{"rendered":"<div class=\"mh-excerpt\"><p>\u25cf Aufbereitung \u25cf Autoteile Neu\/Gebraucht \u25cf Diagnose \u25cf Car Hifi \u25cf Service \u25cf Reifen\/Felgen \u25cf Automatikgetriebesp\u00fclung Wir \u00fcber uns Wir bieten gute und kosteng\u00fcnstige Alternativen <a class=\"mh-excerpt-more\" href=\"https:\/\/ask-neuenstein.de\/\" title=\"Unser Service f\u00fcr Sie:\">[&#8230;]<\/a><\/p>\n<\/div>","protected":false},"author":1,"featured_media":0,"parent":0,"menu_order":0,"comment_status":"closed","ping_status":"closed","template":"template-full.php","meta":[],"_links":{"self":[{"href":"https:\/\/ask-neuenstein.de\/index.php?rest_route=\/wp\/v2\/pages\/35"}],"collection":[{"href":"https:\/\/ask-neuenstein.de\/index.php?rest_route=\/wp\/v2\/pages"}],"about":[{"href":"https:\/\/ask-neuenstein.de\/index.php?rest_route=\/wp\/v2\/types\/page"}],"author":[{"embeddable":true,"href":"https:\/\/ask-neuenstein.de\/index.php?rest_route=\/wp\/v2\/users\/1"}],"replies":[{"embeddable":true,"href":"https:\/\/ask-neuenstein.de\/index.php?rest_route=%2Fwp%2Fv2%2Fcomments&post=35"}],"version-history":[{"count":44,"href":"https:\/\/ask-neuenstein.de\/index.php?rest_route=\/wp\/v2\/pages\/35\/revisions"}],"predecessor-version":[{"id":299,"href":"https:\/\/ask-neuenstein.de\/index.php?rest_route=\/wp\/v2\/pages\/35\/revisions\/299"}],"wp:attachment":[{"href":"https:\/\/ask-neuenstein.de\/index.php?rest_route=%2Fwp%2Fv2%2Fmedia&parent=35"}],"curies":[{"name":"wp","href":"https:\/\/api.w.org\/{rel}","templated":true}]}}